{"id":6799,"date":"2019-09-14T00:28:00","date_gmt":"2019-09-13T15:28:00","guid":{"rendered":"https:\/\/tekkonmodel.co.jp\/index.php\/product\/import-placeholder-for-8100\/"},"modified":"2020-11-07T19:33:33","modified_gmt":"2020-11-07T10:33:33","slug":"303329","status":"publish","type":"product","link":"https:\/\/tekkonmodel.co.jp\/index.php\/product\/303329\/","title":{"rendered":"N\uff79\uff9e\uff70\uff7c\uff9e TOMYTEC 303329 \u9244\u9053\uff7a\uff9a\uff78\uff7c\uff6e\uff9d \u798f\u4e95\u9244\u9053F1000\u5f62F1004 FUKURAM \uff8b\uff9f\uff9d\uff78"},"content":{"rendered":"<div class=\"page\" title=\"Page 1\">\n<div class=\"layoutArea\">\n<div class=\"column\">\n<p>\u798f\u4e95\u9244\u9053?2016\u5e743\u670827\u65e5\u3088\u308a\u3048\u3061\u305c\u3093\u9244\u9053:\u9df2\u585a\u91dd\u539f\u307e\u3067\u76f8\u4e92\u4e57\u308a\u5165\u308c\u3092\u884c\u3063\u3066\u3044\u307e\u3059\u3002 \u798f\u4e95\u9244\u9053F1000\u5f62?2013\u5e74\u3088\u308a\u88fd\u9020\u304c\u958b\u59cb\u3055\u308c\u30013\u9023\u63a5\u306eLRT\u8eca\u4e21\u3068\u306a\u3063\u3066\u3044\u308b\u306e\u304c\u7279\u5fb4\u3067\u3059\u3002 ?FUKURAM?\u306e\u611b\u79f0\u3092\u6301\u3061\u3001\u73fe\u57284\u7de8\u6210\u304c\u3048\u3061\u305c\u3093\u9244\u9053\u76f4\u901a\u306e\u6025\u884c\u5217\u8eca\u3092\u4e2d\u5fc3\u306b\u6d3b\u8e8d\u4e2d\u3067\u3059\u3002 \u4eca\u56de?\u4ee5\u524d\u767a\u58f2\u3057\u307e\u3057\u305f\u7b2c1\u7de8\u6210\u306e\u30aa\u30ec\u30f3\u30b8\u3001\u7b2c2\u7de8\u6210\u306e\u30d6\u30eb\u30fc\u3001\u7b2c3\u7de8\u6210\u306e\u30b0\u30ea\u30fc\u30f3\u306b\u7d9a\u304d\u3001 \u7b2c4\u7de8\u6210\u306e\u30d4\u30f3\u30af\u3092\u88fd\u54c1\u5316\u3057\u307e\u3059\u3002<\/p>\n<p>\u52d5\u529b\u30e6\u30cb\u30c3\u30c8?LRT3\u9023\u63a5\u7528\u3001TM-LRT04\u304c\u9069\u5408\u3057\u307e\u3059\u3002<\/p>\n<p>\u672c\u4f53\u30d1\u30c3\u30b1\u30fc\u30b8\u30b5\u30a4\u30ba :W245mm\u00d7H60mm\u00d7D40mm TM-LRT04:W65mm\u00d7H165mm\u00d7D35mm<\/p>\n<\/div>\n<\/div>\n<div class=\"layoutArea\">\n<div class=\"column\">\n<p>*\u5c55\u793a\u7528\u30ec\u30fc\u30eb?\u4ed8\u5c5e\u3057\u307e\u305b\u3093<\/p>\n<\/div>\n<\/div>\n<\/div>\n","protected":false},"excerpt":{"rendered":"<p>\u798f\u4e95\u9244\u9053?2016\u5e743\u670827\u65e5\u3088\u308a\u3048\u3061\u305c\u3093\u9244\u9053:\u9df2\u585a\u91dd\u539f\u307e\u3067\u76f8\u4e92\u4e57\u308a\u5165\u308c\u3092\u884c\u3063\u3066\u3044\u307e\u3059\u3002 \u798f\u4e95\u9244\u9053F&hellip; <\/p>\n","protected":false},"featured_media":23543,"comment_status":"closed","ping_status":"closed","template":"","meta":[],"product_brand":[],"product_cat":[25,68,81,93],"product_tag":[],"class_list":{"0":"post-6799","1":"product","2":"type-product","3":"status-publish","4":"has-post-thumbnail","6":"product_cat-n-gauge","7":"product_cat-tomytec","8":"product_cat-west-jp","9":"product_cat-tram","11":"first","12":"outofstock","13":"featured","14":"taxable","15":"shipping-taxable","16":"purchasable","17":"product-type-simple"},"jetpack_sharing_enabled":true,"_links":{"self":[{"href":"https:\/\/tekkonmodel.co.jp\/index.php\/wp-json\/wp\/v2\/product\/6799","targetHints":{"allow":["GET"]}}],"collection":[{"href":"https:\/\/tekkonmodel.co.jp\/index.php\/wp-json\/wp\/v2\/product"}],"about":[{"href":"https:\/\/tekkonmodel.co.jp\/index.php\/wp-json\/wp\/v2\/types\/product"}],"replies":[{"embeddable":true,"href":"https:\/\/tekkonmodel.co.jp\/index.php\/wp-json\/wp\/v2\/comments?post=6799"}],"wp:featuredmedia":[{"embeddable":true,"href":"https:\/\/tekkonmodel.co.jp\/index.php\/wp-json\/wp\/v2\/media\/23543"}],"wp:attachment":[{"href":"https:\/\/tekkonmodel.co.jp\/index.php\/wp-json\/wp\/v2\/media?parent=6799"}],"wp:term":[{"taxonomy":"product_brand","embeddable":true,"href":"https:\/\/tekkonmodel.co.jp\/index.php\/wp-json\/wp\/v2\/product_brand?post=6799"},{"taxonomy":"product_cat","embeddable":true,"href":"https:\/\/tekkonmodel.co.jp\/index.php\/wp-json\/wp\/v2\/product_cat?post=6799"},{"taxonomy":"product_tag","embeddable":true,"href":"https:\/\/tekkonmodel.co.jp\/index.php\/wp-json\/wp\/v2\/product_tag?post=6799"}],"curies":[{"name":"wp","href":"https:\/\/api.w.org\/{rel}","templated":true}]}}